{"id":28,"date":"2016-06-15T19:33:47","date_gmt":"2016-06-15T17:33:47","guid":{"rendered":"http:\/\/aupenvia.com\/?page_id=28"},"modified":"2025-11-18T20:11:47","modified_gmt":"2025-11-18T18:11:47","slug":"qui-sommes-nous","status":"publish","type":"page","link":"https:\/\/aupenvia.com\/","title":{"rendered":"QUI SOMMES NOUS"},"content":{"rendered":"<p><img decoding=\"async\" loading=\"lazy\" class=\"size-medium wp-image-30 alignleft\" src=\"http:\/\/aupenvia.com\/wp-content\/uploads\/2016\/06\/business-962310_1920-300x225.jpg\" alt=\"business-962310_1920\" width=\"300\" height=\"225\" srcset=\"https:\/\/aupenvia.com\/wp-content\/uploads\/2016\/06\/business-962310_1920-300x225.jpg 300w, https:\/\/aupenvia.com\/wp-content\/uploads\/2016\/06\/business-962310_1920-600x450.jpg 600w, https:\/\/aupenvia.com\/wp-content\/uploads\/2016\/06\/business-962310_1920-768x576.jpg 768w, https:\/\/aupenvia.com\/wp-content\/uploads\/2016\/06\/business-962310_1920-1024x768.jpg 1024w, https:\/\/aupenvia.com\/wp-content\/uploads\/2016\/06\/business-962310_1920-360x270.jpg 360w, https:\/\/aupenvia.com\/wp-content\/uploads\/2016\/06\/business-962310_1920.jpg 1920w\" sizes=\"(max-width: 300px) 100vw, 300px\" \/>Nous sommes un Cabinet g\u00e9n\u00e9raliste, avec une forte connaissance des secteurs de l&rsquo;industrie et des services. Situ\u00e9s \u00e0 Paris, nous intervenons sur des missions sur toute la France.<\/p>\n<p>Nous pouvons dans certains cas \u00eatre Conseil pour des postes sur l&rsquo;International.<\/p>\n","protected":false},"excerpt":{"rendered":"<p>Nous sommes un Cabinet g\u00e9n\u00e9raliste, avec une forte connaissance des secteurs de l&rsquo;industrie et des services. Situ\u00e9s \u00e0 Paris, nous intervenons sur des missions sur toute la France. Nous pouvons dans certains cas \u00eatre Conseil pour des postes sur l&rsquo;International.<\/p>\n","protected":false},"author":1,"featured_media":0,"parent":0,"menu_order":0,"comment_status":"closed","ping_status":"closed","template":"","meta":[],"_links":{"self":[{"href":"https:\/\/aupenvia.com\/index.php\/wp-json\/wp\/v2\/pages\/28"}],"collection":[{"href":"https:\/\/aupenvia.com\/index.php\/wp-json\/wp\/v2\/pages"}],"about":[{"href":"https:\/\/aupenvia.com\/index.php\/wp-json\/wp\/v2\/types\/page"}],"author":[{"embeddable":true,"href":"https:\/\/aupenvia.com\/index.php\/wp-json\/wp\/v2\/users\/1"}],"replies":[{"embeddable":true,"href":"https:\/\/aupenvia.com\/index.php\/wp-json\/wp\/v2\/comments?post=28"}],"version-history":[{"count":12,"href":"https:\/\/aupenvia.com\/index.php\/wp-json\/wp\/v2\/pages\/28\/revisions"}],"predecessor-version":[{"id":857,"href":"https:\/\/aupenvia.com\/index.php\/wp-json\/wp\/v2\/pages\/28\/revisions\/857"}],"wp:attachment":[{"href":"https:\/\/aupenvia.com\/index.php\/wp-json\/wp\/v2\/media?parent=28"}],"curies":[{"name":"wp","href":"https:\/\/api.w.org\/{rel}","templated":true}]}}