{"id":23,"date":"2016-06-15T19:26:55","date_gmt":"2016-06-15T17:26:55","guid":{"rendered":"http:\/\/aupenvia.com\/?page_id=23"},"modified":"2020-05-17T09:47:56","modified_gmt":"2020-05-17T07:47:56","slug":"informations-generales","status":"publish","type":"page","link":"https:\/\/aupenvia.com\/index.php\/informations-generales\/","title":{"rendered":"Pr\u00e9sentation g\u00e9n\u00e9rale"},"content":{"rendered":"<p>Notre m\u00e9tier : Comprendre le v\u00f4tre<\/p>\n<p>Le cabinet<\/p>\n<p>Cabinet conseil en recrutement sp\u00e9cialis\u00e9 dans la recherche et l&rsquo;\u00e9valuation de Cadres exp\u00e9riment\u00e9s, de Managers et Dirigeants, nous intervenons selon vos besoins, par annonce, par approche directe ou par approche mixte.<\/p>\n<p>Nous r\u00e9alisons pour vous des prestations de conseil en recrutement qui conjuguent performance et humanisme. Nous pr\u00e9sentons \u00e0 nos clients des profils sur mesure dans les d\u00e9lais impartis. S&rsquo;agissant des candidats recommand\u00e9s, nous prenons un soin particulier \u00e0 ce que leur future fonction s&rsquo;int\u00e8gre dans un d\u00e9veloppement de carri\u00e8re harmonieux. Notre approche garantit le respect de la d\u00e9ontologie du recrutement la plus exigeante. L&rsquo;adh\u00e9sion et la fid\u00e9lit\u00e9 de nos clients nous confortent dans ces principes et dans les valeurs que nous d\u00e9fendons.<\/p>\n<p>Notre motivation : une relation de confiance avec nos clients et nos candidats, leur apportant la meilleure satisfaction et fondant les bases d&rsquo;un partenariat durable.<\/p>\n<p>&#8212;&#8212;&#8212;&#8212;&#8212;&#8212;&#8212;&#8211;<\/p>\n<p>Recrutement<\/p>\n<p>Solution compl\u00e8te pour rechercher, \u00e9valuer, s\u00e9lectionner et int\u00e9grer vos futurs collaborateurs fond\u00e9e sur une double exigence de qualit\u00e9 et de r\u00e9activit\u00e9 gr\u00e2ce \u00e0 notre sp\u00e9cialisation fonctionnelle et sectorielle.<\/p>\n<p>&#8212;&#8212;&#8212;&#8212;&#8212;&#8212;&#8212;-<br \/>\nExternalisation<\/p>\n<p>Externalisation compl\u00e8te ou partielle de vos recrutements pour en r\u00e9duire les co\u00fbts et les d\u00e9lais, constituer un vivier de talents pour le futur pour maintenir votre comp\u00e9titivit\u00e9 tout en assurant la rel\u00e8ve du capital humain.<\/p>\n<p>&#8212;&#8212;&#8212;&#8212;&#8212;&#8212;&#8212;-<br \/>\nSourcing<\/p>\n<p>Assistance \u00e0 la recherche de candidats : mettre \u00e0 votre disposition notre expertise en d\u00e9finition de poste, r\u00e9daction et insertion d\u2019annonce, et satisfaire votre \u00e9ventuel souhait de confidentialit\u00e9.<\/p>\n<p>&#8212;&#8212;&#8212;&#8212;&#8212;&#8212;&#8212;<br \/>\nS\u00e9lection<\/p>\n<p>Assistance \u00e0 la s\u00e9lection de candidats : vous assister dans la d\u00e9cision d\u2019embauche ou de promotion de candidats pr\u00e9s\u00e9lectionn\u00e9s par vos soins.<\/p>\n","protected":false},"excerpt":{"rendered":"<p>Notre m\u00e9tier : Comprendre le v\u00f4tre Le cabinet Cabinet conseil en recrutement sp\u00e9cialis\u00e9 dans la recherche et l&rsquo;\u00e9valuation de Cadres exp\u00e9riment\u00e9s, de Managers et Dirigeants, nous intervenons selon vos besoins, par annonce, par approche directe ou par approche mixte. Nous r\u00e9alisons pour vous des prestations de conseil en recrutement qui conjuguent performance et humanisme. Nous pr\u00e9sentons \u00e0 nos clients des profils sur mesure dans les d\u00e9lais impartis. S&rsquo;agissant des candidats recommand\u00e9s, nous prenons un soin particulier \u00e0 ce que leur&#8230;<\/p>\n<p class=\"read-more\"><a class=\"btn btn-default\" href=\"https:\/\/aupenvia.com\/index.php\/informations-generales\/\">Lire la suite<span class=\"screen-reader-text\"> Lire la suite<\/span><\/a><\/p>\n","protected":false},"author":1,"featured_media":0,"parent":0,"menu_order":0,"comment_status":"closed","ping_status":"closed","template":"","meta":[],"_links":{"self":[{"href":"https:\/\/aupenvia.com\/index.php\/wp-json\/wp\/v2\/pages\/23"}],"collection":[{"href":"https:\/\/aupenvia.com\/index.php\/wp-json\/wp\/v2\/pages"}],"about":[{"href":"https:\/\/aupenvia.com\/index.php\/wp-json\/wp\/v2\/types\/page"}],"author":[{"embeddable":true,"href":"https:\/\/aupenvia.com\/index.php\/wp-json\/wp\/v2\/users\/1"}],"replies":[{"embeddable":true,"href":"https:\/\/aupenvia.com\/index.php\/wp-json\/wp\/v2\/comments?post=23"}],"version-history":[{"count":21,"href":"https:\/\/aupenvia.com\/index.php\/wp-json\/wp\/v2\/pages\/23\/revisions"}],"predecessor-version":[{"id":201,"href":"https:\/\/aupenvia.com\/index.php\/wp-json\/wp\/v2\/pages\/23\/revisions\/201"}],"wp:attachment":[{"href":"https:\/\/aupenvia.com\/index.php\/wp-json\/wp\/v2\/media?parent=23"}],"curies":[{"name":"wp","href":"https:\/\/api.w.org\/{rel}","templated":true}]}}