{"id":17,"date":"2016-06-15T19:17:20","date_gmt":"2016-06-15T17:17:20","guid":{"rendered":"http:\/\/aupenvia.com\/?page_id=17"},"modified":"2016-08-02T10:22:33","modified_gmt":"2016-08-02T08:22:33","slug":"nos-engagements","status":"publish","type":"page","link":"https:\/\/aupenvia.com\/index.php\/nos-engagements\/","title":{"rendered":"Nos engagements"},"content":{"rendered":"<p>Le Consultant que vous rencontrez est votre interlocuteur unique et assume l\u2019ensemble du processus de recrutement (conseil, recherche, suivi\u2026).<\/p>\n<p>Chaque prestation de recrutement est prise en charge par ce consultant, qui conna\u00eet et ma\u00eetrise parfaitement les enjeux (techniques, strat\u00e9giques, comportementaux, etc.) de la mission, et, r\u00e9alise lui-m\u00eame la mission dans son int\u00e9gralit\u00e9.<\/p>\n<p>Nous travaillons dans le respect total de la confidentialit\u00e9 des informations qui nous sont confi\u00e9es.<\/p>\n<p>Nous donnons une r\u00e9ponse syst\u00e9matique \u00e0 tous les candidats qui nous ont transmis leur CV et tenons inform\u00e9s ceux qui ont \u00e9t\u00e9 re\u00e7us de toutes les \u00e9tapes du processus de recrutement.<\/p>\n<p>Nous op\u00e9rons un suivi d\u2019int\u00e9gration d\u00e8s la prise de fonction du collaborateur.<\/p>\n","protected":false},"excerpt":{"rendered":"<p>Le Consultant que vous rencontrez est votre interlocuteur unique et assume l\u2019ensemble du processus de recrutement (conseil, recherche, suivi\u2026). Chaque prestation de recrutement est prise en charge par ce consultant, qui conna\u00eet et ma\u00eetrise parfaitement les enjeux (techniques, strat\u00e9giques, comportementaux, etc.) de la mission, et, r\u00e9alise lui-m\u00eame la mission dans son int\u00e9gralit\u00e9. Nous travaillons dans le respect total de la confidentialit\u00e9 des informations qui nous sont confi\u00e9es. Nous donnons une r\u00e9ponse syst\u00e9matique \u00e0 tous les candidats qui nous ont transmis&#8230;<\/p>\n<p class=\"read-more\"><a class=\"btn btn-default\" href=\"https:\/\/aupenvia.com\/index.php\/nos-engagements\/\">Lire la suite<span class=\"screen-reader-text\"> Lire la suite<\/span><\/a><\/p>\n","protected":false},"author":1,"featured_media":0,"parent":0,"menu_order":0,"comment_status":"closed","ping_status":"closed","template":"","meta":[],"_links":{"self":[{"href":"https:\/\/aupenvia.com\/index.php\/wp-json\/wp\/v2\/pages\/17"}],"collection":[{"href":"https:\/\/aupenvia.com\/index.php\/wp-json\/wp\/v2\/pages"}],"about":[{"href":"https:\/\/aupenvia.com\/index.php\/wp-json\/wp\/v2\/types\/page"}],"author":[{"embeddable":true,"href":"https:\/\/aupenvia.com\/index.php\/wp-json\/wp\/v2\/users\/1"}],"replies":[{"embeddable":true,"href":"https:\/\/aupenvia.com\/index.php\/wp-json\/wp\/v2\/comments?post=17"}],"version-history":[{"count":3,"href":"https:\/\/aupenvia.com\/index.php\/wp-json\/wp\/v2\/pages\/17\/revisions"}],"predecessor-version":[{"id":84,"href":"https:\/\/aupenvia.com\/index.php\/wp-json\/wp\/v2\/pages\/17\/revisions\/84"}],"wp:attachment":[{"href":"https:\/\/aupenvia.com\/index.php\/wp-json\/wp\/v2\/media?parent=17"}],"curies":[{"name":"wp","href":"https:\/\/api.w.org\/{rel}","templated":true}]}}