{"id":144,"date":"2017-01-04T16:22:35","date_gmt":"2017-01-04T14:22:35","guid":{"rendered":"http:\/\/aupenvia.com\/?page_id=144"},"modified":"2025-11-18T20:15:43","modified_gmt":"2025-11-18T18:15:43","slug":"nos-references","status":"publish","type":"page","link":"https:\/\/aupenvia.com\/index.php\/nos-references\/","title":{"rendered":"NOS REFERENCES"},"content":{"rendered":"<p>Nos Recrutements les plus r\u00e9cents ont \u00e9t\u00e9 notamment;<\/p>\n<ul>\n<li>Dans le secteur de la m\u00e9canique et de la plasturgie dans un poste d&rsquo;Ing\u00e9nieur Chef de Projet,<\/li>\n<li>Dans le secteur des GeenBuilding pour un poste de Chef de Projet CVC,<\/li>\n<li>Dans le secteur des outillages industriels pour un un poste de Technico Commercial S\u00e9dentaire Export,<\/li>\n<li>Dans le secteur des machines industrielles pour un poste d&rsquo;Ing\u00e9nieur d&rsquo;Affaires,<\/li>\n<li>Dans le secteur de L&rsquo;Oil &amp; Gas pour un poste d&rsquo;Ing\u00e9nieur Projet,<\/li>\n<li>Dans le secteur des process du vrac pour un poste d&rsquo;Ing\u00e9nieur Commercial R\u00e9gional,<\/li>\n<li>Dans le secteur des \u00e9nergies renouvelables dans un poste de Business D\u00e9veloppement en r\u00e9gion Ile de France,<\/li>\n<li>Dans le secteur de la construction pour une Cheffe de Produit,<\/li>\n<li>Dans le secteur de la Construction pour une Responsable des Ressources Humaines,<\/li>\n<li>Dans le secteur de la construction pour Ing\u00e9nieur Projet dans un Bureau d&rsquo;Etudes,<\/li>\n<li>Dans le secteur de l&rsquo;industrie pour un poste de Responsable de Zone Europe du Nord,<\/li>\n<li>Dans le secteur des machines de levage pour un poste d&rsquo;Ing\u00e9nieur d&rsquo;Affaires France Export,<\/li>\n<li>Dans le secteur de l&rsquo;industrie d\u00e9di\u00e9e \u00e0 la recherche pour un poste d&rsquo;Ing\u00e9nieur Commercial Export,<\/li>\n<li>Dans le secteur de la construction pour Un Economiste de la Construction Senior dans un Bureau d&rsquo;Etudes,<\/li>\n<li>Dans le secteur des \u00e9nergies renouvelable dans un poste de Responsable Bureau d&rsquo;Etudes,<\/li>\n<li>Dans le secteur de l&rsquo;industrie m\u00e9canique dans un poste de Technico-Commercial Export,<\/li>\n<li>Dans le secteur de la construction dans un poste de Responsable Commercial itin\u00e9rant R\u00e9gion Est,<\/li>\n<li>Dans le domaine du second oeuvre du b\u00e2timent dans un poste de Responsable R\u00e9gional R\u00e9gion Centre Ouest,<\/li>\n<li>Dans le secteur industriel chez un fabricant de l&rsquo;\u00e9nergie thermique dans une fonction d&rsquo;Approvisionneur,<\/li>\n<li>Dans le secteur des Energies Renouvelables dans un poste d&rsquo;Ing\u00e9nieur Projet,<\/li>\n<li>Dans le secteur de la m\u00e9tallerie chaudronnerie dans un poste de Technico Commercial,<\/li>\n<li>Dans le secteur de la Construction dans un poste de Directeur Commercial,<\/li>\n<li>Dans le secteur du B\u00e2timent pour un poste de Responsable R\u00e9gional Ouest France,<\/li>\n<li>Dans le secteur de l&rsquo;Oil &amp; Gas dans un poste d&rsquo;Ing\u00e9nieur Projet,<\/li>\n<li>Dans le secteur des machines industrielles \u00e0 haute cadence dans un poste de Technicien SAV,<\/li>\n<li>Dans le secteur de l&rsquo;Oil &amp; Gas dans un poste de Responsable Commercial Export,<\/li>\n<li>Dans le secteur de la Construction dans un poste d&rsquo;Ing\u00e9nieur Projet Cvc Bim,<\/li>\n<li>Dans le secteur de la construction dans un poste d&rsquo;Ing\u00e9nieur Calcul Structures,<\/li>\n<li>Dans le secteur de l&rsquo;Energie pour un poste d&rsquo;Assistant Gestion de Projet,<\/li>\n<li>Dans le secteur du second oeuvre du B\u00e2timent pour un poste de Chef de Produit,<\/li>\n<li>Dans le secteur de l&rsquo;Oil &amp; Gas pour un poste de Sp\u00e9cialiste Technique d&rsquo;Intervention en R\u00e9gion,<\/li>\n<li>Dans le secteur de la m\u00e9canique et de la plasturgie dans un poste d&rsquo;Ing\u00e9nieur Chef de Projet activit\u00e9 services,<\/li>\n<li>Dans le secteur de la Construction pour un poste de Responsable Marketing,<\/li>\n<li>Dans l&rsquo;Industrie Electrique pour des fonctions de Responsable Logistique,<\/li>\n<li>Dans le Secteur de la Construction et de l&rsquo;Industrie, pour des fonctions de Responsable d&rsquo;Affaires R\u00e9gional dans le Nord Ouest,<\/li>\n<li>Dans l&rsquo;Industrie Oil &amp; Gas pour des fonctions d&rsquo;Ing\u00e9nieur Projet,<\/li>\n<li>Dans le secteur de l&rsquo;Energie pour un poste de Responsable Bureau d&rsquo;Etudes,<\/li>\n<li>Dans le secteur du B\u00e2timent pour un poste de Directeur Logistique,<\/li>\n<li>Dans l&rsquo;Industrie Electrique pour des fonctions de Chef de Projet,<\/li>\n<li>Dans le Secteur de la Construction pour des fonctions de Responsable Commercial en r\u00e9gion,<\/li>\n<li>Dans le secteur de la construction pour un poste d&rsquo;Ing\u00e9nieur projet fluides,<\/li>\n<li>Dans le Secteur de l&rsquo;Industrie du Luxe pour des fonctions de Responsable Am\u00e9lioration Continue,<\/li>\n<li>Dans le Secteur de la Chimie pour des fonctions de Responsable de D\u00e9partement R&amp;D,<\/li>\n<li>Dans le Secteur du Second Oeuvre du B\u00e2timent pour des fonctions de Responsable des Ressources Humaines,<\/li>\n<li>Dans le secteur Gazier pour un poste de Responsable des Ventes sur l&rsquo;International dans les activit\u00e9s Service,<\/li>\n<li>Dans le Secteur du Luxe Agroalimentaire pour des fonctions de Chef de Projet Industrialisation International,<\/li>\n<li>Dans un Atelier pour un poste de Responsable Production,<\/li>\n<li>Dans le secteur de la Construction et de l&rsquo;Energie pour des fonctions de Responsable d&rsquo;Affaires Electricit\u00e9,<\/li>\n<li>Dans le secteur du Second Oeuvre du B\u00e2timent pour des fonctions de Responsable R\u00e9gional Ile de France Sud,<\/li>\n<li>Dans le Secteur de l&rsquo;Habitat pour des postes de Responsable des Syst\u00e8mes d&rsquo;Information,<\/li>\n<li>Dans l&rsquo;Industrie Electrique pour des fonctions de Chef de Projet,<\/li>\n<li>Dans le domaine de l&rsquo;Energie, pour un Responsable de D\u00e9partement affaires \u00e9lectricit\u00e9,<\/li>\n<li>Dans le domaine du secteur Gazier, pour un poste de Technico-Commercial S\u00e9dentaire,<\/li>\n<li>Dans le Secteur du Second Oeuvre du b\u00e2timent, pour des postes de Responsable Commercial R\u00e9gional,<\/li>\n<li>Dans le\u00a0 Secteur du Luxe Agroalimentaire pour des postes de Conseillers Techniques Nationaux,<\/li>\n<li>Dans le\u00a0 Secteur du Luxe Agroalimentaire pour des postes de Conseillers Techniques R\u00e9gionaux, En Ile de France ou en R\u00e9gion Sud-Est,<\/li>\n<li>Dans le secteur de la Construction pour un poste de Charg\u00e9 d&rsquo;Affaires en R\u00e9gion Ouest France,<\/li>\n<li>Dans des postes de Chef de Projet Process dans l&rsquo;industrie,<\/li>\n<li>Dans un poste d&rsquo;Ing\u00e9nieur Etudes et Projet en Ile de France dans le secteur m\u00e9canique,<\/li>\n<li>Dans un poste de Responsable d&rsquo;une Equipe Projet dans le secteur Oil &amp; Gas,<\/li>\n<li>Dans des postes de Charg\u00e9 d&rsquo;Affaires Service dans l&rsquo;industrie, en r\u00e9gion,<\/li>\n<li>Dans le secteur industriel pour des postes d&rsquo;Ing\u00e9nieur Projet Senior Electricit\u00e9 Automatisme,<\/li>\n<li>Dans le Secteur du Commerce d&rsquo;Equipements pour des postes de Chef de Produit,<\/li>\n<li>Dans des postes de Responsable de Projet sur le secteur de l&rsquo;Environnement,<\/li>\n<li>Dans le secteur du b\u00e2timent pour un poste d&rsquo;Ing\u00e9nieur Chef de Produits Thermiques,<\/li>\n<li>Dans des postes de Chef de Projet en r\u00e9gion Sud-Ouest pour l&rsquo;Industrie de la M\u00e9canique,<\/li>\n<li>Dans des postes de Responsable Commercial R\u00e9gional en Ile de France,<\/li>\n<li>Dans le secteur du second oeuvre du b\u00e2timent pour un poste de Responsable de R\u00e9gion Sud -Est,<\/li>\n<li>Dans des postes de Sp\u00e9cialiste Technique International dans le domaine de l&rsquo;Industrie de l&rsquo;Emballage,<\/li>\n<li>Dans des postes de Responsables Nationaux Grands Comptes en R\u00e9gion Sud Est dans le secteur de l&rsquo;Environnement,<\/li>\n<li>Dans des postes de Responsable R&amp;D Customer Support dans l&rsquo;Industrie du Luxe,<\/li>\n<li>Dans des fonctions d&rsquo;Ing\u00e9nieur Projet Travaux Neufs dans un Groupe Industriel International,<\/li>\n<li>Dans des postes de Responsables Commerciaux Scandinavie et Europe de l&rsquo;Est dans le secteur de l&rsquo;Industrie Manufacturi\u00e8re,<\/li>\n<li>Dans des fonctions de Responsable d&rsquo;Agence dans un Groupe International,<\/li>\n<li>Dans des fonctions de Responsable d&rsquo;affaires dans un Groupe International du secteur de la Construction&#8230;<\/li>\n<\/ul>\n<p>Nos missions r\u00e9centes sont dans les secteurs Marins ou de la Construction (B\u00e2timent, G\u00e9nie Civil, Construction m\u00e9tallique&#8230;), de l&rsquo;Energie Renouvelable, Conventionnelle ou Nucl\u00e9aire,\u00a0 dans le secteur du Luxe Agroalimentaire, dans le Second Oeuvre du B\u00e2timent, dans le domaine de la Chimie ou de l&rsquo;Environnement, sur des fonctions Techniques ou Commerciales et des postes par exemple de Conducteur de Travaux, de Charg\u00e9 d&rsquo;Affaires ou de Chef de Projet, d&rsquo;Ing\u00e9nieur Commercial Export, d&rsquo;Approvisionneur, de Responsable de Centre de Profit, de Directeur de Projet ou de Directeur des Op\u00e9rations, Directeur d&rsquo;Usine, Responsable R&amp;D, Directeur des Syst\u00e8mes d&rsquo;Information, Expert en Contr\u00f4le Commande, Expert en Automatismes, Responsable des Ressources Humaines, Chef de Produit, Responsable Am\u00e9lioration Continue&#8230;<\/p>\n","protected":false},"excerpt":{"rendered":"<p>Nos Recrutements les plus r\u00e9cents ont \u00e9t\u00e9 notamment; Dans le secteur de la m\u00e9canique et de la plasturgie dans un poste d&rsquo;Ing\u00e9nieur Chef de Projet, Dans le secteur des GeenBuilding pour un poste de Chef de Projet CVC, Dans le secteur des outillages industriels pour un un poste de Technico Commercial S\u00e9dentaire Export, Dans le secteur des machines industrielles pour un poste d&rsquo;Ing\u00e9nieur d&rsquo;Affaires, Dans le secteur de L&rsquo;Oil &amp; Gas pour un poste d&rsquo;Ing\u00e9nieur Projet, Dans le secteur des&#8230;<\/p>\n<p class=\"read-more\"><a class=\"btn btn-default\" href=\"https:\/\/aupenvia.com\/index.php\/nos-references\/\">Lire la suite<span class=\"screen-reader-text\"> Lire la suite<\/span><\/a><\/p>\n","protected":false},"author":1,"featured_media":0,"parent":0,"menu_order":0,"comment_status":"closed","ping_status":"closed","template":"","meta":[],"_links":{"self":[{"href":"https:\/\/aupenvia.com\/index.php\/wp-json\/wp\/v2\/pages\/144"}],"collection":[{"href":"https:\/\/aupenvia.com\/index.php\/wp-json\/wp\/v2\/pages"}],"about":[{"href":"https:\/\/aupenvia.com\/index.php\/wp-json\/wp\/v2\/types\/page"}],"author":[{"embeddable":true,"href":"https:\/\/aupenvia.com\/index.php\/wp-json\/wp\/v2\/users\/1"}],"replies":[{"embeddable":true,"href":"https:\/\/aupenvia.com\/index.php\/wp-json\/wp\/v2\/comments?post=144"}],"version-history":[{"count":112,"href":"https:\/\/aupenvia.com\/index.php\/wp-json\/wp\/v2\/pages\/144\/revisions"}],"predecessor-version":[{"id":859,"href":"https:\/\/aupenvia.com\/index.php\/wp-json\/wp\/v2\/pages\/144\/revisions\/859"}],"wp:attachment":[{"href":"https:\/\/aupenvia.com\/index.php\/wp-json\/wp\/v2\/media?parent=144"}],"curies":[{"name":"wp","href":"https:\/\/api.w.org\/{rel}","templated":true}]}}